{"id":86,"date":"2020-05-17T18:27:34","date_gmt":"2020-05-17T18:27:34","guid":{"rendered":"http:\/\/roysgarage.fi\/?page_id=86"},"modified":"2023-04-08T08:09:37","modified_gmt":"2023-04-08T08:09:37","slug":"pyorahuollon-hinnasto","status":"publish","type":"page","link":"https:\/\/roysgarage.fi\/index.php\/home\/pyorahuollon-hinnasto\/","title":{"rendered":"Py\u00f6r\u00e4huollon hinnasto"},"content":{"rendered":"\n<h3><strong>Perushuolto<\/strong><\/h3>\n\n\n\n<h4><strong>Py\u00f6r\u00e4n perushuoltoon kuuluvat seuraavat ty\u00f6t pystyy tekem\u00e4\u00e4n asiakkaan pihalla:<\/strong><\/h4>\n\n\n\n<ul><li>Kunnon kartoitus<\/li><li>Vaihteiden tarkistus ja s\u00e4\u00e4t\u00f6<\/li><li>Jarrujen tarkistus ja s\u00e4\u00e4t\u00f6<\/li><li>Napojen tarkistus, kiristys ja tarvittaessa voitelu<\/li><li>Kampien tarkistus ja kiristys<\/li><li>Ohjainlaakerin tarkistus ja kiristys<\/li><li>Polkimien tarkistus ja kiristys<\/li><li>Renkaiden t\u00e4ytt\u00f6 <\/li><li>Ketjujen \u00f6ljy\u00e4minen<\/li><\/ul>\n\n\n\n<h3>Yhteishinta 60 \u20ac<\/h3>\n\n\n\n<h3><strong>Yksitt\u00e4iset huoltoty\u00f6t<\/strong><\/h3>\n\n\n\n<h4><strong>Yksitt\u00e4isten huoltot\u00f6iden hinta sovitaan alla olevan hinnaston pohjalta:<\/strong><\/h4>\n\n\n\n<ul><li>Kuntokartoitus 20 \u20ac (sis\u00e4lt\u00e4\u00e4 renkaiden ilmauksen ja ketjujen \u00f6ljy\u00e4misen)<\/li><li>Renkaan vaihto yksitt\u00e4isen\u00e4 ty\u00f6n\u00e4 15 \u20ac, useampia renkaita kerralla tai huollon yhteydess\u00e4 12 \u20ac \/ rengas<\/li><li>Ketjun vaihto 20 \u20ac<\/li><li>Vaihtajan uusinta 30 \u20ac<\/li><li>Vaihteiden s\u00e4\u00e4t\u00f6 20 \u20ac<\/li><li>Jarruvaijerin uusiminen 17 \u20ac<\/li><li>Jarrupalojen vaihto 10 \u20ac<\/li><li>Levyjarrujen ilmaus 33 \u20ac<\/li><li>Osien haku kaupasta 10 \u20ac<\/li><\/ul>\n\n\n\n<p>Osien hinta veloitetaan erikseen.<\/p>\n\n\n\n<figure class=\"wp-block-image size-large\"><img loading=\"lazy\" width=\"1198\" height=\"697\" src=\"http:\/\/roysgarage.fi\/wp-content\/uploads\/2020\/05\/takavaihtajan-ja-jarrupalojen-vaihto-pienempi.jpg\" alt=\"\" class=\"wp-image-39\"\/><\/figure>\n","protected":false},"excerpt":{"rendered":"<p>Perushuolto Py\u00f6r\u00e4n perushuoltoon kuuluvat seuraavat ty\u00f6t pystyy tekem\u00e4\u00e4n asiakkaan pihalla: Kunnon kartoitus Vaihteiden tarkistus ja s\u00e4\u00e4t\u00f6 Jarrujen tarkistus ja s\u00e4\u00e4t\u00f6 Napojen tarkistus, kiristys ja tarvittaessa voitelu Kampien tarkistus ja kiristys Ohjainlaakerin tarkistus ja kiristys Polkimien tarkistus ja kiristys Renkaiden t\u00e4ytt\u00f6 Ketjujen \u00f6ljy\u00e4minen Yhteishinta 60 \u20ac Yksitt\u00e4iset huoltoty\u00f6t Yksitt\u00e4isten huoltot\u00f6iden hinta sovitaan alla olevan hinnaston pohjalta: &hellip; <\/p>\n<p class=\"link-more\"><a href=\"https:\/\/roysgarage.fi\/index.php\/home\/pyorahuollon-hinnasto\/\" class=\"more-link\">Continue reading<span class=\"screen-reader-text\"> &#8220;Py\u00f6r\u00e4huollon hinnasto&#8221;<\/span><\/a><\/p>\n","protected":false},"author":1,"featured_media":0,"parent":8,"menu_order":0,"comment_status":"closed","ping_status":"closed","template":"","meta":[],"_links":{"self":[{"href":"https:\/\/roysgarage.fi\/index.php\/wp-json\/wp\/v2\/pages\/86"}],"collection":[{"href":"https:\/\/roysgarage.fi\/index.php\/wp-json\/wp\/v2\/pages"}],"about":[{"href":"https:\/\/roysgarage.fi\/index.php\/wp-json\/wp\/v2\/types\/page"}],"author":[{"embeddable":true,"href":"https:\/\/roysgarage.fi\/index.php\/wp-json\/wp\/v2\/users\/1"}],"replies":[{"embeddable":true,"href":"https:\/\/roysgarage.fi\/index.php\/wp-json\/wp\/v2\/comments?post=86"}],"version-history":[{"count":9,"href":"https:\/\/roysgarage.fi\/index.php\/wp-json\/wp\/v2\/pages\/86\/revisions"}],"predecessor-version":[{"id":154,"href":"https:\/\/roysgarage.fi\/index.php\/wp-json\/wp\/v2\/pages\/86\/revisions\/154"}],"up":[{"embeddable":true,"href":"https:\/\/roysgarage.fi\/index.php\/wp-json\/wp\/v2\/pages\/8"}],"wp:attachment":[{"href":"https:\/\/roysgarage.fi\/index.php\/wp-json\/wp\/v2\/media?parent=86"}],"curies":[{"name":"wp","href":"https:\/\/api.w.org\/{rel}","templated":true}]}}