{"id":12,"date":"2020-05-16T14:10:44","date_gmt":"2020-05-16T14:10:44","guid":{"rendered":"http:\/\/roysgarage.fi\/?page_id=12"},"modified":"2023-04-08T07:38:37","modified_gmt":"2023-04-08T07:38:37","slug":"a-homepage-section","status":"publish","type":"page","link":"https:\/\/roysgarage.fi\/index.php\/home\/a-homepage-section\/","title":{"rendered":"Liikkuva py\u00f6r\u00e4huolto"},"content":{"rendered":"<p>Kun ketju katkeaa tai renkaiden vaihtoon ei ole aikaa, py\u00f6r\u00e4n kuljettaminen huoltoon tuntuu enemm\u00e4n ongelmalta kuin ratkaisulta.<\/p>\n<p>Silloin Roy rullaa paikalle. Py\u00f6r\u00e4n huoltamiseen tarvittavat ty\u00f6kalut kulkevat mukana. Teilt\u00e4 tarvitaan vain py\u00f6r\u00e4 ja piha.<\/p>\n\n\n<p><\/p>\n","protected":false},"excerpt":{"rendered":"<p>Kun ketju katkeaa tai renkaiden vaihtoon ei ole aikaa, py\u00f6r\u00e4n kuljettaminen huoltoon tuntuu enemm\u00e4n ongelmalta kuin ratkaisulta. Silloin Roy rullaa paikalle. Py\u00f6r\u00e4n huoltamiseen tarvittavat ty\u00f6kalut kulkevat mukana. Teilt\u00e4 tarvitaan vain py\u00f6r\u00e4 ja piha.<\/p>\n","protected":false},"author":1,"featured_media":36,"parent":8,"menu_order":0,"comment_status":"closed","ping_status":"closed","template":"","meta":[],"_links":{"self":[{"href":"https:\/\/roysgarage.fi\/index.php\/wp-json\/wp\/v2\/pages\/12"}],"collection":[{"href":"https:\/\/roysgarage.fi\/index.php\/wp-json\/wp\/v2\/pages"}],"about":[{"href":"https:\/\/roysgarage.fi\/index.php\/wp-json\/wp\/v2\/types\/page"}],"author":[{"embeddable":true,"href":"https:\/\/roysgarage.fi\/index.php\/wp-json\/wp\/v2\/users\/1"}],"replies":[{"embeddable":true,"href":"https:\/\/roysgarage.fi\/index.php\/wp-json\/wp\/v2\/comments?post=12"}],"version-history":[{"count":8,"href":"https:\/\/roysgarage.fi\/index.php\/wp-json\/wp\/v2\/pages\/12\/revisions"}],"predecessor-version":[{"id":152,"href":"https:\/\/roysgarage.fi\/index.php\/wp-json\/wp\/v2\/pages\/12\/revisions\/152"}],"up":[{"embeddable":true,"href":"https:\/\/roysgarage.fi\/index.php\/wp-json\/wp\/v2\/pages\/8"}],"wp:featuredmedia":[{"embeddable":true,"href":"https:\/\/roysgarage.fi\/index.php\/wp-json\/wp\/v2\/media\/36"}],"wp:attachment":[{"href":"https:\/\/roysgarage.fi\/index.php\/wp-json\/wp\/v2\/media?parent=12"}],"curies":[{"name":"wp","href":"https:\/\/api.w.org\/{rel}","templated":true}]}}